{"id":114,"date":"2019-09-27T06:46:57","date_gmt":"2019-09-27T04:46:57","guid":{"rendered":"http:\/\/radowiska.pl\/?page_id=114"},"modified":"2019-10-02T21:30:35","modified_gmt":"2019-10-02T19:30:35","slug":"wirtualny-dziennik","status":"publish","type":"page","link":"https:\/\/radowiska.pl\/?page_id=114","title":{"rendered":"Wirtualny Dziennik"},"content":{"rendered":"\n<p>Aby zalogowa\u0107 si\u0119 do Wirtualnego Dziennika wpisz stron\u0119 w przegl\u0105darce:<\/p>\n\n\n\n<p><a href=\"https:\/\/portal.librus.pl\/rodzina\/synergia\/loguj\" target=\"_blank\" rel=\"noreferrer noopener\" aria-label=\" (opens in a new tab)\">https:\/\/portal.librus.pl\/rodzina\/synergia\/loguj<\/a><\/p>\n\n\n\n<p>nast\u0119pnie wybierz u g\u00f3ry strony LIBRUS Synergia &gt; Zaloguj<\/p>\n\n\n\n<ul class=\"wp-block-gallery columns-2 is-cropped wp-block-gallery-1 is-layout-flex wp-block-gallery-is-layout-flex\"><li class=\"blocks-gallery-item\"><figure><img fetchpriority=\"high\" decoding=\"async\" width=\"1024\" height=\"241\" src=\"http:\/\/radowiska.pl\/wp-content\/uploads\/2019\/09\/wdziennik1-1-1024x241.jpg\" alt=\"\" data-id=\"245\" class=\"wp-image-245\" srcset=\"https:\/\/radowiska.pl\/wp-content\/uploads\/2019\/09\/wdziennik1-1-1024x241.jpg 1024w, https:\/\/radowiska.pl\/wp-content\/uploads\/2019\/09\/wdziennik1-1-300x71.jpg 300w, https:\/\/radowiska.pl\/wp-content\/uploads\/2019\/09\/wdziennik1-1-768x181.jpg 768w, https:\/\/radowiska.pl\/wp-content\/uploads\/2019\/09\/wdziennik1-1.jpg 1358w\" sizes=\"(max-width: 1024px) 100vw, 1024px\" \/><figcaption>Logowanie do Wirtualnego Dziennika<\/figcaption><\/figure><\/li><li class=\"blocks-gallery-item\"><figure><img decoding=\"async\" width=\"357\" height=\"185\" src=\"https:\/\/radowiska.pl\/wp-content\/uploads\/2019\/10\/libruss-1.jpg\" alt=\"\" data-id=\"369\" data-link=\"https:\/\/radowiska.pl\/?attachment_id=369\" class=\"wp-image-369\" srcset=\"https:\/\/radowiska.pl\/wp-content\/uploads\/2019\/10\/libruss-1.jpg 357w, https:\/\/radowiska.pl\/wp-content\/uploads\/2019\/10\/libruss-1-300x155.jpg 300w\" sizes=\"(max-width: 357px) 100vw, 357px\" \/><\/figure><\/li><\/ul>\n\n\n\n<p>Nale\u017cy wprowadzi\u0107 login i has\u0142a, kt\u00f3re jest przyporz\u0105dkowane dla ka\u017cdego rodzica indywidualnie. Je\u015bli nie posiadasz tych danych, prosz\u0119 o kontakt bezpo\u015brednio z nauczycielem.<\/p>\n\n\n\n<figure class=\"wp-block-image\"><img decoding=\"async\" width=\"1024\" height=\"447\" src=\"http:\/\/radowiska.pl\/wp-content\/uploads\/2019\/09\/wdziennik2-1024x447.jpg\" alt=\"\" class=\"wp-image-243\" srcset=\"https:\/\/radowiska.pl\/wp-content\/uploads\/2019\/09\/wdziennik2-1024x447.jpg 1024w, https:\/\/radowiska.pl\/wp-content\/uploads\/2019\/09\/wdziennik2-300x131.jpg 300w, https:\/\/radowiska.pl\/wp-content\/uploads\/2019\/09\/wdziennik2-768x335.jpg 768w, https:\/\/radowiska.pl\/wp-content\/uploads\/2019\/09\/wdziennik2.jpg 1365w\" sizes=\"(max-width: 1024px) 100vw, 1024px\" \/><figcaption>Logowanie do Wirtualnego Dziennika<\/figcaption><\/figure>\n\n\n\n<p>W razie jakichkolwiek problem\u00f3w z logowaniem prosz\u0119 o bezpo\u015bredni kontakt z: Mi\u0142osz G\u0119bka<\/p>\n","protected":false},"excerpt":{"rendered":"<p>Aby zalogowa\u0107 si\u0119 do Wirtualnego Dziennika wpisz stron\u0119 w przegl\u0105darce: https:\/\/portal.librus.pl\/rodzina\/synergia\/loguj nast\u0119pnie wybierz u g\u00f3ry strony LIBRUS Synergia &gt; Zaloguj Nale\u017cy wprowadzi\u0107 login i has\u0142a, kt\u00f3re jest przyporz\u0105dkowane dla ka\u017cdego rodzica indywidualnie. Je\u015bli nie posiadasz tych danych, prosz\u0119 o kontakt bezpo\u015brednio z nauczycielem. W razie jakichkolwiek problem\u00f3w z logowaniem prosz\u0119 o bezpo\u015bredni kontakt z: Mi\u0142osz&#8230;<\/p>\n<p class=\"more-link-wrap\"><a href=\"https:\/\/radowiska.pl\/?page_id=114\" class=\"more-link\">Read More<span class=\"screen-reader-text\"> &ldquo;Wirtualny Dziennik&rdquo;<\/span> &raquo;<\/a><\/p>\n","protected":false},"author":1,"featured_media":0,"parent":32,"menu_order":0,"comment_status":"closed","ping_status":"closed","template":"","meta":{"footnotes":""},"class_list":["post-114","page","type-page","status-publish","hentry"],"_links":{"self":[{"href":"https:\/\/radowiska.pl\/index.php?rest_route=\/wp\/v2\/pages\/114","targetHints":{"allow":["GET"]}}],"collection":[{"href":"https:\/\/radowiska.pl\/index.php?rest_route=\/wp\/v2\/pages"}],"about":[{"href":"https:\/\/radowiska.pl\/index.php?rest_route=\/wp\/v2\/types\/page"}],"author":[{"embeddable":true,"href":"https:\/\/radowiska.pl\/index.php?rest_route=\/wp\/v2\/users\/1"}],"replies":[{"embeddable":true,"href":"https:\/\/radowiska.pl\/index.php?rest_route=%2Fwp%2Fv2%2Fcomments&post=114"}],"version-history":[{"count":0,"href":"https:\/\/radowiska.pl\/index.php?rest_route=\/wp\/v2\/pages\/114\/revisions"}],"up":[{"embeddable":true,"href":"https:\/\/radowiska.pl\/index.php?rest_route=\/wp\/v2\/pages\/32"}],"wp:attachment":[{"href":"https:\/\/radowiska.pl\/index.php?rest_route=%2Fwp%2Fv2%2Fmedia&parent=114"}],"curies":[{"name":"wp","href":"https:\/\/api.w.org\/{rel}","templated":true}]}}